{"id":2105,"date":"2025-06-23T11:52:10","date_gmt":"2025-06-23T08:52:10","guid":{"rendered":"http:\/\/fabri.local\/programs\/"},"modified":"2025-08-06T11:15:09","modified_gmt":"2025-08-06T08:15:09","slug":"programs","status":"publish","type":"page","link":"https:\/\/fabrikhas.tr\/en\/programs\/","title":{"rendered":"Events"},"content":{"rendered":"\t\t<div data-elementor-type=\"wp-page\" data-elementor-id=\"2105\" class=\"elementor elementor-2105 elementor-61\" data-elementor-post-type=\"page\">\n\t\t\t\t<div class=\"elementor-element elementor-element-d594fd4 e-flex e-con-boxed e-con e-parent\" data-id=\"d594fd4\" data-element_type=\"container\" data-e-type=\"container\" data-settings=\"{&quot;background_background&quot;:&quot;classic&quot;}\">\n\t\t\t\t\t<div class=\"e-con-inner\">\n\t\t\t\t<div class=\"elementor-element elementor-element-90b09b4 elementor-widget elementor-widget-spacer\" data-id=\"90b09b4\" data-element_type=\"widget\" data-e-type=\"widget\" data-widget_type=\"spacer.default\">\n\t\t\t\t<div class=\"elementor-widget-container\">\n\t\t\t\t\t\t\t<div class=\"elementor-spacer\">\n\t\t\t<div class=\"elementor-spacer-inner\"><\/div>\n\t\t<\/div>\n\t\t\t\t\t\t<\/div>\n\t\t\t\t<\/div>\n\t\t\t\t<div class=\"elementor-element elementor-element-5492ee2 animated-fast elementor-invisible elementor-widget elementor-widget-heading\" data-id=\"5492ee2\" data-element_type=\"widget\" data-e-type=\"widget\" data-settings=\"{&quot;_animation&quot;:&quot;fadeInUp&quot;}\" data-widget_type=\"heading.default\">\n\t\t\t\t<div class=\"elementor-widget-container\">\n\t\t\t\t\t<h1 class=\"elementor-heading-title elementor-size-default\">Events<\/h1>\t\t\t\t<\/div>\n\t\t\t\t<\/div>\n\t\t\t\t<div class=\"elementor-element elementor-element-3bade9f elementor-widget elementor-widget-spacer\" data-id=\"3bade9f\" data-element_type=\"widget\" data-e-type=\"widget\" data-widget_type=\"spacer.default\">\n\t\t\t\t<div class=\"elementor-widget-container\">\n\t\t\t\t\t\t\t<div class=\"elementor-spacer\">\n\t\t\t<div class=\"elementor-spacer-inner\"><\/div>\n\t\t<\/div>\n\t\t\t\t\t\t<\/div>\n\t\t\t\t<\/div>\n\t\t<div class=\"elementor-element elementor-element-885e36b e-con-full e-flex e-con e-child\" data-id=\"885e36b\" data-element_type=\"container\" data-e-type=\"container\">\n\t\t<div class=\"elementor-element elementor-element-80657d6 e-con-full e-flex elementor-invisible e-con e-child\" data-id=\"80657d6\" data-element_type=\"container\" data-e-type=\"container\" data-settings=\"{&quot;animation&quot;:&quot;fadeInLeft&quot;}\">\n\t\t\t\t<div class=\"elementor-element elementor-element-80f2014 elementor-widget elementor-widget-image\" data-id=\"80f2014\" data-element_type=\"widget\" data-e-type=\"widget\" data-widget_type=\"image.default\">\n\t\t\t\t<div class=\"elementor-widget-container\">\n\t\t\t\t\t\t\t\t\t\t\t\t\t\t\t<img fetchpriority=\"high\" decoding=\"async\" width=\"900\" height=\"300\" src=\"https:\/\/fabrikhas.tr\/wp-content\/uploads\/2025\/07\/programlar_t_1.webp\" class=\"elementor-animation-float attachment-full size-full wp-image-4286\" alt=\"\" srcset=\"https:\/\/fabrikhas.tr\/wp-content\/uploads\/2025\/07\/programlar_t_1.webp 900w, https:\/\/fabrikhas.tr\/wp-content\/uploads\/2025\/07\/programlar_t_1-300x100.webp 300w, https:\/\/fabrikhas.tr\/wp-content\/uploads\/2025\/07\/programlar_t_1-768x256.webp 768w\" sizes=\"(max-width: 900px) 100vw, 900px\" \/>\t\t\t\t\t\t\t\t\t\t\t\t\t\t\t<\/div>\n\t\t\t\t<\/div>\n\t\t<div class=\"elementor-element elementor-element-7d02ef2 e-con-full e-flex e-con e-child\" data-id=\"7d02ef2\" data-element_type=\"container\" data-e-type=\"container\">\n\t\t\t\t<div class=\"elementor-element elementor-element-1d83796 elementor-widget elementor-widget-heading\" data-id=\"1d83796\" data-element_type=\"widget\" data-e-type=\"widget\" data-widget_type=\"heading.default\">\n\t\t\t\t<div class=\"elementor-widget-container\">\n\t\t\t\t\t<h3 class=\"elementor-heading-title elementor-size-default\">Trainings<\/h3>\t\t\t\t<\/div>\n\t\t\t\t<\/div>\n\t\t\t\t<div class=\"elementor-element elementor-element-50ee97e elementor-widget elementor-widget-text-editor\" data-id=\"50ee97e\" data-element_type=\"widget\" data-e-type=\"widget\" data-widget_type=\"text-editor.default\">\n\t\t\t\t<div class=\"elementor-widget-container\">\n\t\t\t\t\t\t\t\t\t<p>Develop your skills and knowledge! Designed for creative professionals at all levels, our comprehensive training programs offer practical tools and theoretical knowledge to help you succeed in your career. <\/p>\t\t\t\t\t\t\t\t<\/div>\n\t\t\t\t<\/div>\n\t\t\t\t<\/div>\n\t\t\t\t<\/div>\n\t\t<div class=\"elementor-element elementor-element-b378dde e-con-full e-flex elementor-invisible e-con e-child\" data-id=\"b378dde\" data-element_type=\"container\" data-e-type=\"container\" data-settings=\"{&quot;animation&quot;:&quot;fadeInRight&quot;}\">\n\t\t\t\t<div class=\"elementor-element elementor-element-1010176 elementor-widget elementor-widget-image\" data-id=\"1010176\" data-element_type=\"widget\" data-e-type=\"widget\" data-widget_type=\"image.default\">\n\t\t\t\t<div class=\"elementor-widget-container\">\n\t\t\t\t\t\t\t\t\t\t\t\t\t\t\t<img decoding=\"async\" width=\"900\" height=\"300\" src=\"https:\/\/fabrikhas.tr\/wp-content\/uploads\/2025\/07\/programlar_t_2.webp\" class=\"elementor-animation-float attachment-full size-full wp-image-4292\" alt=\"\" srcset=\"https:\/\/fabrikhas.tr\/wp-content\/uploads\/2025\/07\/programlar_t_2.webp 900w, https:\/\/fabrikhas.tr\/wp-content\/uploads\/2025\/07\/programlar_t_2-300x100.webp 300w, https:\/\/fabrikhas.tr\/wp-content\/uploads\/2025\/07\/programlar_t_2-768x256.webp 768w\" sizes=\"(max-width: 900px) 100vw, 900px\" \/>\t\t\t\t\t\t\t\t\t\t\t\t\t\t\t<\/div>\n\t\t\t\t<\/div>\n\t\t<div class=\"elementor-element elementor-element-a0aac90 e-con-full e-flex e-con e-child\" data-id=\"a0aac90\" data-element_type=\"container\" data-e-type=\"container\">\n\t\t\t\t<div class=\"elementor-element elementor-element-be8e563 elementor-widget elementor-widget-heading\" data-id=\"be8e563\" data-element_type=\"widget\" data-e-type=\"widget\" data-widget_type=\"heading.default\">\n\t\t\t\t<div class=\"elementor-widget-container\">\n\t\t\t\t\t<h3 class=\"elementor-heading-title elementor-size-default\">Workshops<\/h3>\t\t\t\t<\/div>\n\t\t\t\t<\/div>\n\t\t\t\t<div class=\"elementor-element elementor-element-f338b5f elementor-widget elementor-widget-text-editor\" data-id=\"f338b5f\" data-element_type=\"widget\" data-e-type=\"widget\" data-widget_type=\"text-editor.default\">\n\t\t\t\t<div class=\"elementor-widget-container\">\n\t\t\t\t\t\t\t\t\t<p>Join our dynamic workshops focused on hands-on learning and collaborative problem solving. From visual storytelling to technical skills, content tailored to the evolving needs of the industry awaits you. <\/p>\t\t\t\t\t\t\t\t<\/div>\n\t\t\t\t<\/div>\n\t\t\t\t<\/div>\n\t\t\t\t<\/div>\n\t\t\t\t<\/div>\n\t\t<div class=\"elementor-element elementor-element-97d9178 e-con-full e-flex e-con e-child\" data-id=\"97d9178\" data-element_type=\"container\" data-e-type=\"container\">\n\t\t<div class=\"elementor-element elementor-element-194efcf e-con-full e-flex elementor-invisible e-con e-child\" data-id=\"194efcf\" data-element_type=\"container\" data-e-type=\"container\" data-settings=\"{&quot;animation&quot;:&quot;fadeInLeft&quot;,&quot;animation_delay&quot;:200}\">\n\t\t\t\t<div class=\"elementor-element elementor-element-cbf7d08 elementor-widget elementor-widget-image\" data-id=\"cbf7d08\" data-element_type=\"widget\" data-e-type=\"widget\" data-widget_type=\"image.default\">\n\t\t\t\t<div class=\"elementor-widget-container\">\n\t\t\t\t\t\t\t\t\t\t\t\t\t\t\t<img decoding=\"async\" width=\"900\" height=\"300\" src=\"https:\/\/fabrikhas.tr\/wp-content\/uploads\/2025\/07\/programlar_t_3.webp\" class=\"elementor-animation-float attachment-full size-full wp-image-4280\" alt=\"\" srcset=\"https:\/\/fabrikhas.tr\/wp-content\/uploads\/2025\/07\/programlar_t_3.webp 900w, https:\/\/fabrikhas.tr\/wp-content\/uploads\/2025\/07\/programlar_t_3-300x100.webp 300w, https:\/\/fabrikhas.tr\/wp-content\/uploads\/2025\/07\/programlar_t_3-768x256.webp 768w\" sizes=\"(max-width: 900px) 100vw, 900px\" \/>\t\t\t\t\t\t\t\t\t\t\t\t\t\t\t<\/div>\n\t\t\t\t<\/div>\n\t\t<div class=\"elementor-element elementor-element-6400418 e-con-full e-flex e-con e-child\" data-id=\"6400418\" data-element_type=\"container\" data-e-type=\"container\">\n\t\t\t\t<div class=\"elementor-element elementor-element-7646ed4 elementor-widget elementor-widget-heading\" data-id=\"7646ed4\" data-element_type=\"widget\" data-e-type=\"widget\" data-widget_type=\"heading.default\">\n\t\t\t\t<div class=\"elementor-widget-container\">\n\t\t\t\t\t<h3 class=\"elementor-heading-title elementor-size-default\">Networking<\/h3>\t\t\t\t<\/div>\n\t\t\t\t<\/div>\n\t\t\t\t<div class=\"elementor-element elementor-element-58892bc elementor-widget elementor-widget-text-editor\" data-id=\"58892bc\" data-element_type=\"widget\" data-e-type=\"widget\" data-widget_type=\"text-editor.default\">\n\t\t\t\t<div class=\"elementor-widget-container\">\n\t\t\t\t\t\t\t\t\t<p>Attend networking events where you can connect with industry professionals. These gatherings provide a unique environment for you to build relationships, share ideas and explore opportunities for collaboration. <\/p>\t\t\t\t\t\t\t\t<\/div>\n\t\t\t\t<\/div>\n\t\t\t\t<\/div>\n\t\t\t\t<\/div>\n\t\t<div class=\"elementor-element elementor-element-6ee3a88 e-con-full e-flex elementor-invisible e-con e-child\" data-id=\"6ee3a88\" data-element_type=\"container\" data-e-type=\"container\" data-settings=\"{&quot;animation&quot;:&quot;fadeInRight&quot;,&quot;animation_delay&quot;:200}\">\n\t\t\t\t<div class=\"elementor-element elementor-element-c8af45f elementor-widget elementor-widget-image\" data-id=\"c8af45f\" data-element_type=\"widget\" data-e-type=\"widget\" data-widget_type=\"image.default\">\n\t\t\t\t<div class=\"elementor-widget-container\">\n\t\t\t\t\t\t\t\t\t\t\t\t\t\t\t<img loading=\"lazy\" decoding=\"async\" width=\"900\" height=\"300\" src=\"https:\/\/fabrikhas.tr\/wp-content\/uploads\/2025\/07\/programlar_t_4.webp\" class=\"elementor-animation-float attachment-full size-full wp-image-4298\" alt=\"\" srcset=\"https:\/\/fabrikhas.tr\/wp-content\/uploads\/2025\/07\/programlar_t_4.webp 900w, https:\/\/fabrikhas.tr\/wp-content\/uploads\/2025\/07\/programlar_t_4-300x100.webp 300w, https:\/\/fabrikhas.tr\/wp-content\/uploads\/2025\/07\/programlar_t_4-768x256.webp 768w\" sizes=\"(max-width: 900px) 100vw, 900px\" \/>\t\t\t\t\t\t\t\t\t\t\t\t\t\t\t<\/div>\n\t\t\t\t<\/div>\n\t\t<div class=\"elementor-element elementor-element-58a3cd1 e-con-full e-flex e-con e-child\" data-id=\"58a3cd1\" data-element_type=\"container\" data-e-type=\"container\">\n\t\t\t\t<div class=\"elementor-element elementor-element-8c17285 elementor-widget elementor-widget-heading\" data-id=\"8c17285\" data-element_type=\"widget\" data-e-type=\"widget\" data-widget_type=\"heading.default\">\n\t\t\t\t<div class=\"elementor-widget-container\">\n\t\t\t\t\t<h3 class=\"elementor-heading-title elementor-size-default\">Master Classes<\/h3>\t\t\t\t<\/div>\n\t\t\t\t<\/div>\n\t\t\t\t<div class=\"elementor-element elementor-element-3b0954f elementor-widget elementor-widget-text-editor\" data-id=\"3b0954f\" data-element_type=\"widget\" data-e-type=\"widget\" data-widget_type=\"text-editor.default\">\n\t\t\t\t<div class=\"elementor-widget-container\">\n\t\t\t\t\t\t\t\t\t<p>Learn from industry leaders! Our masterclasses cover advanced topics and offer unique insights that will take your creativity to the next level. <\/p>\t\t\t\t\t\t\t\t<\/div>\n\t\t\t\t<\/div>\n\t\t\t\t<\/div>\n\t\t\t\t<\/div>\n\t\t\t\t<\/div>\n\t\t\t\t\t<\/div>\n\t\t\t\t<\/div>\n\t\t<div class=\"elementor-element elementor-element-620ac01 e-flex e-con-boxed e-con e-parent\" data-id=\"620ac01\" data-element_type=\"container\" data-e-type=\"container\" data-settings=\"{&quot;background_background&quot;:&quot;classic&quot;}\">\n\t\t\t\t\t<div class=\"e-con-inner\">\n\t\t\t\t<div class=\"elementor-element elementor-element-2f38fca elementor-widget elementor-widget-spacer\" data-id=\"2f38fca\" data-element_type=\"widget\" data-e-type=\"widget\" data-widget_type=\"spacer.default\">\n\t\t\t\t<div class=\"elementor-widget-container\">\n\t\t\t\t\t\t\t<div class=\"elementor-spacer\">\n\t\t\t<div class=\"elementor-spacer-inner\"><\/div>\n\t\t<\/div>\n\t\t\t\t\t\t<\/div>\n\t\t\t\t<\/div>\n\t\t\t\t<div class=\"elementor-element elementor-element-ce99fe5 elementor-widget elementor-widget-heading\" data-id=\"ce99fe5\" data-element_type=\"widget\" data-e-type=\"widget\" data-widget_type=\"heading.default\">\n\t\t\t\t<div class=\"elementor-widget-container\">\n\t\t\t\t\t<h2 class=\"elementor-heading-title elementor-size-default\">Upcoming Events<\/h2>\t\t\t\t<\/div>\n\t\t\t\t<\/div>\n\t\t\t\t<div class=\"elementor-element elementor-element-94dacb5 elementor-grid-1 elementor-grid-tablet-2 elementor-grid-mobile-1 elementor-widget elementor-widget-loop-grid\" data-id=\"94dacb5\" data-element_type=\"widget\" data-e-type=\"widget\" data-settings=\"{&quot;template_id&quot;:4019,&quot;columns&quot;:1,&quot;_skin&quot;:&quot;post&quot;,&quot;columns_tablet&quot;:&quot;2&quot;,&quot;columns_mobile&quot;:&quot;1&quot;,&quot;edit_handle_selector&quot;:&quot;[data-elementor-type=\\&quot;loop-item\\&quot;]&quot;,&quot;row_gap&quot;:{&quot;unit&quot;:&quot;px&quot;,&quot;size&quot;:&quot;&quot;,&quot;sizes&quot;:[]},&quot;row_gap_tablet&quot;:{&quot;unit&quot;:&quot;px&quot;,&quot;size&quot;:&quot;&quot;,&quot;sizes&quot;:[]},&quot;row_gap_mobile&quot;:{&quot;unit&quot;:&quot;px&quot;,&quot;size&quot;:&quot;&quot;,&quot;sizes&quot;:[]}}\" data-widget_type=\"loop-grid.post\">\n\t\t\t\t<div class=\"elementor-widget-container\">\n\t\t\t\t\t\t\t<div class=\"e-loop-nothing-found-message\">\n\t\t\t\t\t<div class=\"e-loop-nothing-found-message__text\">\n\t\t\t\tThere is currently no active training.\t\t\t<\/div>\n\t\t\t<\/div>\n\t\t\t\t\t\t<\/div>\n\t\t\t\t<\/div>\n\t\t\t\t<div class=\"elementor-element elementor-element-96769c1 elementor-widget elementor-widget-spacer\" data-id=\"96769c1\" data-element_type=\"widget\" data-e-type=\"widget\" data-widget_type=\"spacer.default\">\n\t\t\t\t<div class=\"elementor-widget-container\">\n\t\t\t\t\t\t\t<div class=\"elementor-spacer\">\n\t\t\t<div class=\"elementor-spacer-inner\"><\/div>\n\t\t<\/div>\n\t\t\t\t\t\t<\/div>\n\t\t\t\t<\/div>\n\t\t\t\t\t<\/div>\n\t\t\t\t<\/div>\n\t\t\t\t<\/div>\n\t\t","protected":false},"excerpt":{"rendered":"<p>Events Trainings Develop your skills and knowledge! Designed for creative professionals at all levels, our comprehensive training programs offer practical tools and theoretical knowledge to help you succeed in your career. Workshops Join our dynamic workshops focused on hands-on learning and collaborative problem solving. From visual storytelling to technical skills, content tailored to the evolving [&hellip;]<\/p>\n","protected":false},"author":1,"featured_media":0,"parent":0,"menu_order":0,"comment_status":"closed","ping_status":"closed","template":"","meta":{"_acf_changed":false,"footnotes":""},"class_list":["post-2105","page","type-page","status-publish","hentry"],"acf":[],"yoast_head":"<!-- This site is optimized with the Yoast SEO plugin v27.1.1 - https:\/\/yoast.com\/product\/yoast-seo-wordpress\/ -->\n<title>Events - FabriKHAS<\/title>\n<meta name=\"robots\" content=\"index, follow, max-snippet:-1, max-image-preview:large, max-video-preview:-1\" \/>\n<link rel=\"canonical\" href=\"https:\/\/fabrikhas.tr\/en\/programs\/\" \/>\n<meta property=\"og:locale\" content=\"en_US\" \/>\n<meta property=\"og:type\" content=\"article\" \/>\n<meta property=\"og:title\" content=\"Events - FabriKHAS\" \/>\n<meta property=\"og:description\" content=\"Events Trainings Develop your skills and knowledge! Designed for creative professionals at all levels, our comprehensive training programs offer practical tools and theoretical knowledge to help you succeed in your career. Workshops Join our dynamic workshops focused on hands-on learning and collaborative problem solving. From visual storytelling to technical skills, content tailored to the evolving [&hellip;]\" \/>\n<meta property=\"og:url\" content=\"https:\/\/fabrikhas.tr\/en\/programs\/\" \/>\n<meta property=\"og:site_name\" content=\"FabriKHAS\" \/>\n<meta property=\"article:publisher\" content=\"https:\/\/www.facebook.com\/FabriKHAS\" \/>\n<meta property=\"article:modified_time\" content=\"2025-08-06T08:15:09+00:00\" \/>\n<meta property=\"og:image\" content=\"https:\/\/fabrikhas.tr\/wp-content\/uploads\/2025\/07\/programlar_t_1.webp\" \/>\n<meta name=\"twitter:card\" content=\"summary_large_image\" \/>\n<meta name=\"twitter:site\" content=\"@FabriKHAS\" \/>\n<meta name=\"twitter:label1\" content=\"Est. reading time\" \/>\n\t<meta name=\"twitter:data1\" content=\"1 minute\" \/>\n<script type=\"application\/ld+json\" class=\"yoast-schema-graph\">{\"@context\":\"https:\/\/schema.org\",\"@graph\":[{\"@type\":\"WebPage\",\"@id\":\"https:\/\/fabrikhas.tr\/en\/programs\/\",\"url\":\"https:\/\/fabrikhas.tr\/en\/programs\/\",\"name\":\"Events - FabriKHAS\",\"isPartOf\":{\"@id\":\"https:\/\/fabrikhas.tr\/en\/#website\"},\"primaryImageOfPage\":{\"@id\":\"https:\/\/fabrikhas.tr\/en\/programs\/#primaryimage\"},\"image\":{\"@id\":\"https:\/\/fabrikhas.tr\/en\/programs\/#primaryimage\"},\"thumbnailUrl\":\"https:\/\/fabrikhas.tr\/wp-content\/uploads\/2025\/07\/programlar_t_1.webp\",\"datePublished\":\"2025-06-23T08:52:10+00:00\",\"dateModified\":\"2025-08-06T08:15:09+00:00\",\"breadcrumb\":{\"@id\":\"https:\/\/fabrikhas.tr\/en\/programs\/#breadcrumb\"},\"inLanguage\":\"en-US\",\"potentialAction\":[{\"@type\":\"ReadAction\",\"target\":[\"https:\/\/fabrikhas.tr\/en\/programs\/\"]}]},{\"@type\":\"ImageObject\",\"inLanguage\":\"en-US\",\"@id\":\"https:\/\/fabrikhas.tr\/en\/programs\/#primaryimage\",\"url\":\"https:\/\/fabrikhas.tr\/wp-content\/uploads\/2025\/07\/programlar_t_1.webp\",\"contentUrl\":\"https:\/\/fabrikhas.tr\/wp-content\/uploads\/2025\/07\/programlar_t_1.webp\"},{\"@type\":\"BreadcrumbList\",\"@id\":\"https:\/\/fabrikhas.tr\/en\/programs\/#breadcrumb\",\"itemListElement\":[{\"@type\":\"ListItem\",\"position\":1,\"name\":\"Anasayfa\",\"item\":\"https:\/\/fabrikhas.tr\/en\/\"},{\"@type\":\"ListItem\",\"position\":2,\"name\":\"Events\"}]},{\"@type\":\"WebSite\",\"@id\":\"https:\/\/fabrikhas.tr\/en\/#website\",\"url\":\"https:\/\/fabrikhas.tr\/en\/\",\"name\":\"FabriKHAS\",\"description\":\"Ekran End\u00fcstrilerinde Finansmana Eri\u015fim ve Proje Geli\u015ftirme Deste\u011fi Program\u0131\",\"publisher\":{\"@id\":\"https:\/\/fabrikhas.tr\/en\/#organization\"},\"potentialAction\":[{\"@type\":\"SearchAction\",\"target\":{\"@type\":\"EntryPoint\",\"urlTemplate\":\"https:\/\/fabrikhas.tr\/en\/?s={search_term_string}\"},\"query-input\":{\"@type\":\"PropertyValueSpecification\",\"valueRequired\":true,\"valueName\":\"search_term_string\"}}],\"inLanguage\":\"en-US\"},{\"@type\":\"Organization\",\"@id\":\"https:\/\/fabrikhas.tr\/en\/#organization\",\"name\":\"FabriKHAS\",\"url\":\"https:\/\/fabrikhas.tr\/en\/\",\"logo\":{\"@type\":\"ImageObject\",\"inLanguage\":\"en-US\",\"@id\":\"https:\/\/fabrikhas.tr\/en\/#\/schema\/logo\/image\/\",\"url\":\"https:\/\/fabrikhas.tr\/wp-content\/uploads\/2025\/06\/fabrikhas_logo.png\",\"contentUrl\":\"https:\/\/fabrikhas.tr\/wp-content\/uploads\/2025\/06\/fabrikhas_logo.png\",\"width\":352,\"height\":105,\"caption\":\"FabriKHAS\"},\"image\":{\"@id\":\"https:\/\/fabrikhas.tr\/en\/#\/schema\/logo\/image\/\"},\"sameAs\":[\"https:\/\/www.facebook.com\/FabriKHAS\",\"https:\/\/x.com\/FabriKHAS\"]}]}<\/script>\n<!-- \/ Yoast SEO plugin. -->","yoast_head_json":{"title":"Events - FabriKHAS","robots":{"index":"index","follow":"follow","max-snippet":"max-snippet:-1","max-image-preview":"max-image-preview:large","max-video-preview":"max-video-preview:-1"},"canonical":"https:\/\/fabrikhas.tr\/en\/programs\/","og_locale":"en_US","og_type":"article","og_title":"Events - FabriKHAS","og_description":"Events Trainings Develop your skills and knowledge! Designed for creative professionals at all levels, our comprehensive training programs offer practical tools and theoretical knowledge to help you succeed in your career. Workshops Join our dynamic workshops focused on hands-on learning and collaborative problem solving. From visual storytelling to technical skills, content tailored to the evolving [&hellip;]","og_url":"https:\/\/fabrikhas.tr\/en\/programs\/","og_site_name":"FabriKHAS","article_publisher":"https:\/\/www.facebook.com\/FabriKHAS","article_modified_time":"2025-08-06T08:15:09+00:00","og_image":[{"url":"https:\/\/fabrikhas.tr\/wp-content\/uploads\/2025\/07\/programlar_t_1.webp","type":"","width":"","height":""}],"twitter_card":"summary_large_image","twitter_site":"@FabriKHAS","twitter_misc":{"Est. reading time":"1 minute"},"schema":{"@context":"https:\/\/schema.org","@graph":[{"@type":"WebPage","@id":"https:\/\/fabrikhas.tr\/en\/programs\/","url":"https:\/\/fabrikhas.tr\/en\/programs\/","name":"Events - FabriKHAS","isPartOf":{"@id":"https:\/\/fabrikhas.tr\/en\/#website"},"primaryImageOfPage":{"@id":"https:\/\/fabrikhas.tr\/en\/programs\/#primaryimage"},"image":{"@id":"https:\/\/fabrikhas.tr\/en\/programs\/#primaryimage"},"thumbnailUrl":"https:\/\/fabrikhas.tr\/wp-content\/uploads\/2025\/07\/programlar_t_1.webp","datePublished":"2025-06-23T08:52:10+00:00","dateModified":"2025-08-06T08:15:09+00:00","breadcrumb":{"@id":"https:\/\/fabrikhas.tr\/en\/programs\/#breadcrumb"},"inLanguage":"en-US","potentialAction":[{"@type":"ReadAction","target":["https:\/\/fabrikhas.tr\/en\/programs\/"]}]},{"@type":"ImageObject","inLanguage":"en-US","@id":"https:\/\/fabrikhas.tr\/en\/programs\/#primaryimage","url":"https:\/\/fabrikhas.tr\/wp-content\/uploads\/2025\/07\/programlar_t_1.webp","contentUrl":"https:\/\/fabrikhas.tr\/wp-content\/uploads\/2025\/07\/programlar_t_1.webp"},{"@type":"BreadcrumbList","@id":"https:\/\/fabrikhas.tr\/en\/programs\/#breadcrumb","itemListElement":[{"@type":"ListItem","position":1,"name":"Anasayfa","item":"https:\/\/fabrikhas.tr\/en\/"},{"@type":"ListItem","position":2,"name":"Events"}]},{"@type":"WebSite","@id":"https:\/\/fabrikhas.tr\/en\/#website","url":"https:\/\/fabrikhas.tr\/en\/","name":"FabriKHAS","description":"Ekran End\u00fcstrilerinde Finansmana Eri\u015fim ve Proje Geli\u015ftirme Deste\u011fi Program\u0131","publisher":{"@id":"https:\/\/fabrikhas.tr\/en\/#organization"},"potentialAction":[{"@type":"SearchAction","target":{"@type":"EntryPoint","urlTemplate":"https:\/\/fabrikhas.tr\/en\/?s={search_term_string}"},"query-input":{"@type":"PropertyValueSpecification","valueRequired":true,"valueName":"search_term_string"}}],"inLanguage":"en-US"},{"@type":"Organization","@id":"https:\/\/fabrikhas.tr\/en\/#organization","name":"FabriKHAS","url":"https:\/\/fabrikhas.tr\/en\/","logo":{"@type":"ImageObject","inLanguage":"en-US","@id":"https:\/\/fabrikhas.tr\/en\/#\/schema\/logo\/image\/","url":"https:\/\/fabrikhas.tr\/wp-content\/uploads\/2025\/06\/fabrikhas_logo.png","contentUrl":"https:\/\/fabrikhas.tr\/wp-content\/uploads\/2025\/06\/fabrikhas_logo.png","width":352,"height":105,"caption":"FabriKHAS"},"image":{"@id":"https:\/\/fabrikhas.tr\/en\/#\/schema\/logo\/image\/"},"sameAs":["https:\/\/www.facebook.com\/FabriKHAS","https:\/\/x.com\/FabriKHAS"]}]}},"_links":{"self":[{"href":"https:\/\/fabrikhas.tr\/en\/wp-json\/wp\/v2\/pages\/2105","targetHints":{"allow":["GET"]}}],"collection":[{"href":"https:\/\/fabrikhas.tr\/en\/wp-json\/wp\/v2\/pages"}],"about":[{"href":"https:\/\/fabrikhas.tr\/en\/wp-json\/wp\/v2\/types\/page"}],"author":[{"embeddable":true,"href":"https:\/\/fabrikhas.tr\/en\/wp-json\/wp\/v2\/users\/1"}],"replies":[{"embeddable":true,"href":"https:\/\/fabrikhas.tr\/en\/wp-json\/wp\/v2\/comments?post=2105"}],"version-history":[{"count":12,"href":"https:\/\/fabrikhas.tr\/en\/wp-json\/wp\/v2\/pages\/2105\/revisions"}],"predecessor-version":[{"id":4667,"href":"https:\/\/fabrikhas.tr\/en\/wp-json\/wp\/v2\/pages\/2105\/revisions\/4667"}],"wp:attachment":[{"href":"https:\/\/fabrikhas.tr\/en\/wp-json\/wp\/v2\/media?parent=2105"}],"curies":[{"name":"wp","href":"https:\/\/api.w.org\/{rel}","templated":true}]}}